{"id":8,"date":"2025-03-31T00:20:43","date_gmt":"2025-03-31T00:20:43","guid":{"rendered":"https:\/\/minama.no\/home\/"},"modified":"2025-10-10T19:58:33","modified_gmt":"2025-10-10T19:58:33","slug":"home","status":"publish","type":"page","link":"https:\/\/minama.no\/es\/","title":{"rendered":"Home"},"content":{"rendered":"<p>Welcome! I am Mina, a guide for the body, heart, and earth. Here you will find reflections, sacred movement, and stories from nature \u2014 a space to slow down, breathe, and remember your own rhythm.<\/p>\n<p>Bienvenides. Soy Mina, gu\u00eda del cuerpo, el coraz\u00f3n y la tierra. Aqu\u00ed encontrar\u00e1s reflexiones, movimiento sagrado e historias desde la naturaleza \u2014 un espacio para desacelerar, respirar y reconectar con tu propio ritmo.<\/p>","protected":false},"excerpt":{"rendered":"<p>Welcome! I am Mina, a guide for the body, heart, and earth. Here you will find reflections, sacred movement, and stories from nature \u2014 a space to slow down, breathe, and remember your own rhythm. Bienvenides. Soy Mina, gu\u00eda del cuerpo, el coraz\u00f3n y la tierra. Aqu\u00ed encontrar\u00e1s reflexiones, movimiento sagrado e historias desde la [&hellip;]<\/p>\n","protected":false},"author":1,"featured_media":0,"parent":0,"menu_order":0,"comment_status":"closed","ping_status":"closed","template":"","meta":{"_surecart_dashboard_logo_width":"180px","_surecart_dashboard_show_logo":true,"_surecart_dashboard_navigation_orders":true,"_surecart_dashboard_navigation_invoices":true,"_surecart_dashboard_navigation_subscriptions":true,"_surecart_dashboard_navigation_downloads":true,"_surecart_dashboard_navigation_billing":true,"_surecart_dashboard_navigation_account":true,"_uag_custom_page_level_css":"","footnotes":""},"class_list":["post-8","page","type-page","status-publish","hentry"],"uagb_featured_image_src":{"full":false,"thumbnail":false,"medium":false,"medium_large":false,"large":false,"1536x1536":false,"2048x2048":false,"trp-custom-language-flag":false,"mailpoet_newsletter_max":false},"uagb_author_info":{"display_name":"Mina Marie Anglero","author_link":"https:\/\/minama.no\/es\/author\/minaanglero\/"},"uagb_comment_info":0,"uagb_excerpt":"Welcome! I am Mina, a guide for the body, heart, and earth. Here you will find reflections, sacred movement, and stories from nature \u2014 a space to slow down, breathe, and remember your own rhythm. Bienvenides. Soy Mina, gu\u00eda del cuerpo, el coraz\u00f3n y la tierra. Aqu\u00ed encontrar\u00e1s reflexiones, movimiento sagrado e historias desde la&hellip;","_links":{"self":[{"href":"https:\/\/minama.no\/es\/wp-json\/wp\/v2\/pages\/8","targetHints":{"allow":["GET"]}}],"collection":[{"href":"https:\/\/minama.no\/es\/wp-json\/wp\/v2\/pages"}],"about":[{"href":"https:\/\/minama.no\/es\/wp-json\/wp\/v2\/types\/page"}],"author":[{"embeddable":true,"href":"https:\/\/minama.no\/es\/wp-json\/wp\/v2\/users\/1"}],"replies":[{"embeddable":true,"href":"https:\/\/minama.no\/es\/wp-json\/wp\/v2\/comments?post=8"}],"version-history":[{"count":3,"href":"https:\/\/minama.no\/es\/wp-json\/wp\/v2\/pages\/8\/revisions"}],"predecessor-version":[{"id":2025,"href":"https:\/\/minama.no\/es\/wp-json\/wp\/v2\/pages\/8\/revisions\/2025"}],"wp:attachment":[{"href":"https:\/\/minama.no\/es\/wp-json\/wp\/v2\/media?parent=8"}],"curies":[{"name":"wp","href":"https:\/\/api.w.org\/{rel}","templated":true}]}}