{"id":11,"date":"2025-03-31T00:20:44","date_gmt":"2025-03-31T00:20:44","guid":{"rendered":"https:\/\/minama.no\/about\/"},"modified":"2025-10-10T21:08:14","modified_gmt":"2025-10-10T21:08:14","slug":"about","status":"publish","type":"page","link":"https:\/\/minama.no\/es\/about\/","title":{"rendered":"About"},"content":{"rendered":"<div class=\"wp-block-group alignfull has-accent-2-background-color has-background has-global-padding is-layout-constrained wp-container-core-group-is-layout-669513ed wp-block-group-is-layout-constrained\" style=\"margin-top:0;margin-bottom:0;padding-top:var(--wp--preset--spacing--50);padding-right:var(--wp--preset--spacing--50);padding-bottom:var(--wp--preset--spacing--50);padding-left:var(--wp--preset--spacing--50)\">\n<div class=\"wp-block-columns alignwide is-layout-flex wp-container-core-columns-is-layout-28f84493 wp-block-columns-is-layout-flex\">\n<div class=\"wp-block-column is-layout-flow wp-block-column-is-layout-flow\" style=\"flex-basis:40%\">\n<p class=\"wp-container-content-0733e5d0\">About<\/p>\n<\/div>\n\n\n\n<div class=\"wp-block-column is-layout-flow wp-block-column-is-layout-flow\" style=\"flex-basis:60%\">\n<p class=\"has-heading-font-family has-x-large-font-size\" style=\"line-height:1.2\">I\u2019m Mina \u2014 Boricua\/Norwegian roots, former elite athlete, now a yoga guide, writer, body-based artist, and peer supporter. My work unfolds where body, land, and story, meet: holding space for movement, reflection, and nurturing decolonial efforts in Boriken (Puerto Rico).<br><\/p>\n<\/div>\n<\/div>\n\n\n\n<div class=\"wp-block-uagb-image uagb-block-ca7c5b8a wp-block-uagb-image--layout-default wp-block-uagb-image--effect-static wp-block-uagb-image--align-none is-style-rounded\"><figure class=\"wp-block-uagb-image__figure\"><img loading=\"lazy\" decoding=\"async\"  sizes=\"auto, (max-width: 480px) 150px\" src=\"https:\/\/minama.no\/wp-content\/uploads\/2025\/10\/IMG_2589-1024x768.jpeg\" alt=\"\" width=\"1024\" height=\"768\" title=\"\" role=\"img\"\/><\/figure><\/div>\n<\/div>\n\n\n\n<div class=\"wp-block-group alignfull has-base-color has-contrast-background-color has-text-color has-background has-link-color wp-elements-deea11cc12dd58148bd057f8f55434dc has-global-padding is-layout-constrained wp-container-core-group-is-layout-d89aad35 wp-block-group-is-layout-constrained\" style=\"margin-top:0;margin-bottom:0;padding-top:var(--wp--preset--spacing--50);padding-right:var(--wp--preset--spacing--50);padding-bottom:var(--wp--preset--spacing--50);padding-left:var(--wp--preset--spacing--50)\">\n<h2 class=\"wp-block-heading alignwide has-base-color has-text-color has-link-color wp-elements-c2bed847a8d96b8ead2fdcda0a0bc72c\" style=\"font-size:clamp(4.509rem, 4.509rem + ((1vw - 0.2rem) * 9.152), 10rem);letter-spacing:-0.02em\">MinaMA<\/h2>\n\n\n\n<div class=\"wp-block-group alignwide is-layout-flow wp-block-group-is-layout-flow\">\n<hr class=\"wp-block-separator has-text-color has-base-color has-alpha-channel-opacity has-base-background-color has-background is-style-wide\" style=\"margin-top:var(--wp--preset--spacing--30);margin-bottom:var(--wp--preset--spacing--30)\"\/>\n\n\n\n<h3 class=\"wp-block-heading alignwide has-base-2-color has-text-color has-link-color wp-elements-8a9f49bd9d745749b6382639b98b929e\">My Journey \/ Mi Camino<\/h3>\n\n\n\n<p class=\"has-contrast-1-color has-text-color has-link-color wp-elements-193abd5bca2f021a99c5f6a7bddb856a\">For over a decade, elite performance and perfection shaped me &#8211; disciple, rankings, and the \u201cgood girl\u201d mask. However, at one point these anchors became more harmful than supportive, and I found myself questioning everything I\u2019ve believed to be \u2018right.\u2019 This lead me to embark on the journey of decolonizing, re-indigenizing, and shedding what no longer is not true for me.<br>This path has carried grief, emptiness, and moments of lostness\u2014  a loud quiet that demands attention. From there, each step in front of another, has entailed relearning to listen to my body, tending back to the land, and letting art flow through me.    <\/p>\n\n\n\n<hr class=\"wp-block-separator has-text-color has-base-color has-alpha-channel-opacity has-base-background-color has-background is-style-wide\" style=\"margin-top:var(--wp--preset--spacing--30);margin-bottom:var(--wp--preset--spacing--30)\"\/>\n\n\n\n<h3 class=\"wp-block-heading alignwide has-base-2-color has-text-color has-link-color wp-elements-b839e973ce2cfc50a25d7b0a0ceac681\">Where My Coraz\u00f3n Pulls<\/h3>\n\n\n\n<p class=\"has-contrast-1-color has-text-color has-link-color wp-elements-3c68f7beb0526c6de8345b0519901bba\">Mother Earth \u2014 Sacred movement \u2014 Body-based art \u2014 Connection to land &amp; culture \u2014 Decolonial practices \u2014 Community &amp; Resilience <\/p>\n\n\n\n<hr class=\"wp-block-separator has-text-color has-base-color has-alpha-channel-opacity has-base-background-color has-background is-style-wide\" style=\"margin-top:var(--wp--preset--spacing--30);margin-bottom:var(--wp--preset--spacing--30)\"\/>\n\n\n\n<h3 class=\"wp-block-heading alignwide has-base-2-color has-text-color has-link-color wp-elements-e4f8a961b6dfa3ac2412f6e860c95541\">What I do <\/h3>\n\n\n\n<p class=\"has-contrast-1-color has-text-color has-link-color wp-elements-ceff70ad4eccf15fa22a302ee7c70625\">I weave the ancient Indian practice and philosophy of Yoga, body-based art in nature that honors the sacred female body, and reflective writing into practices that illuminate our connection to the land and each others. I guide individuals and groups through movement, creative expression, and rituals grounded in land and ancestral memory.  <\/p>\n\n\n\n<hr class=\"wp-block-separator has-text-color has-base-color has-alpha-channel-opacity has-base-background-color has-background is-style-wide\" style=\"margin-top:var(--wp--preset--spacing--30);margin-bottom:var(--wp--preset--spacing--30)\"\/>\n\n\n\n<h3 class=\"wp-block-heading alignwide has-base-2-color has-text-color has-link-color wp-elements-bf3300940789226676c48f6be2a318f2\">Contact <\/h3>\n\n\n\n<p class=\"has-contrast-1-color has-text-color has-link-color wp-elements-38042834a98c1b5ddc5ddd5b239cc470\">Connect with me to explore collaboration, workshops, or guidance in presence and creative practice.<\/p>\n\n\n\n<p>Espa\u00f1ol: Con\u00e9ctate conmigo para explorar colaboraciones, talleres o gu\u00eda en pr\u00e1cticas de presencia y creatividad.<\/p>\n\n\n\n<p class=\"has-contrast-1-color has-text-color has-link-color wp-elements-d390a2e42ed5a36575631d1911b1291e\">Instagram: @minaandlero<\/p>\n\n\n\n<p>Email \/ Correo: mina@anglero.com<\/p>\n\n\n\n<div style=\"margin-top:var(--wp--preset--spacing--10);margin-bottom:0;height:var(--wp--preset--spacing--10)\" aria-hidden=\"true\" class=\"wp-block-spacer\"><\/div>\n<\/div>\n<\/div>\n\n\n\n<p><\/p>","protected":false},"excerpt":{"rendered":"<p>About I\u2019m Mina \u2014 Boricua\/Norwegian roots, former elite athlete, now a yoga guide, writer, body-based artist, and peer supporter. My work unfolds where body, land, and story, meet: holding space for movement, reflection, and nurturing decolonial efforts in Boriken (Puerto Rico). MinaMA My Journey \/ Mi Camino For over a decade, elite performance and perfection [&hellip;]<\/p>\n","protected":false},"author":1,"featured_media":0,"parent":0,"menu_order":0,"comment_status":"closed","ping_status":"closed","template":"","meta":{"_surecart_dashboard_logo_width":"180px","_surecart_dashboard_show_logo":true,"_surecart_dashboard_navigation_orders":true,"_surecart_dashboard_navigation_invoices":true,"_surecart_dashboard_navigation_subscriptions":true,"_surecart_dashboard_navigation_downloads":true,"_surecart_dashboard_navigation_billing":true,"_surecart_dashboard_navigation_account":true,"_uag_custom_page_level_css":"","footnotes":""},"class_list":["post-11","page","type-page","status-publish","hentry"],"uagb_featured_image_src":{"full":false,"thumbnail":false,"medium":false,"medium_large":false,"large":false,"1536x1536":false,"2048x2048":false,"trp-custom-language-flag":false,"mailpoet_newsletter_max":false},"uagb_author_info":{"display_name":"Mina Marie Anglero","author_link":"https:\/\/minama.no\/es\/author\/minaanglero\/"},"uagb_comment_info":0,"uagb_excerpt":"About I\u2019m Mina \u2014 Boricua\/Norwegian roots, former elite athlete, now a yoga guide, writer, body-based artist, and peer supporter. My work unfolds where body, land, and story, meet: holding space for movement, reflection, and nurturing decolonial efforts in Boriken (Puerto Rico). MinaMA My Journey \/ Mi Camino For over a decade, elite performance and perfection&hellip;","_links":{"self":[{"href":"https:\/\/minama.no\/es\/wp-json\/wp\/v2\/pages\/11","targetHints":{"allow":["GET"]}}],"collection":[{"href":"https:\/\/minama.no\/es\/wp-json\/wp\/v2\/pages"}],"about":[{"href":"https:\/\/minama.no\/es\/wp-json\/wp\/v2\/types\/page"}],"author":[{"embeddable":true,"href":"https:\/\/minama.no\/es\/wp-json\/wp\/v2\/users\/1"}],"replies":[{"embeddable":true,"href":"https:\/\/minama.no\/es\/wp-json\/wp\/v2\/comments?post=11"}],"version-history":[{"count":7,"href":"https:\/\/minama.no\/es\/wp-json\/wp\/v2\/pages\/11\/revisions"}],"predecessor-version":[{"id":2031,"href":"https:\/\/minama.no\/es\/wp-json\/wp\/v2\/pages\/11\/revisions\/2031"}],"wp:attachment":[{"href":"https:\/\/minama.no\/es\/wp-json\/wp\/v2\/media?parent=11"}],"curies":[{"name":"wp","href":"https:\/\/api.w.org\/{rel}","templated":true}]}}